{"id":717,"date":"2019-07-09T10:41:05","date_gmt":"2019-07-09T10:41:05","guid":{"rendered":"https:\/\/ursimohr.at\/?page_id=717"},"modified":"2019-11-25T10:37:34","modified_gmt":"2019-11-25T09:37:34","slug":"supervision","status":"publish","type":"page","link":"https:\/\/ursimohr.at\/index.php\/supervision\/","title":{"rendered":"SUPERVISION"},"content":{"rendered":"<p><div class=\"fusion-fullwidth fullwidth-box fusion-builder-row-1 fusion-parallax-none hundred-percent-fullwidth non-hundred-percent-height-scrolling fusion-no-large-visibility\" style=\"--awb-border-radius-top-left:0px;--awb-border-radius-top-right:0px;--awb-border-radius-bottom-right:0px;--awb-border-radius-bottom-left:0px;--awb-padding-top:0px;--awb-padding-right:0px;--awb-padding-left:0px;--awb-margin-top:0px;--awb-background-image:url(&quot;https:\/\/ursimohr.at\/wp-content\/uploads\/2019\/07\/UrsiMohr_Header_LayerSlider_Supervision-1200x600.jpg&quot;);--awb-background-size:cover;--awb-flex-wrap:wrap;\" ><div class=\"fusion-builder-row fusion-row\"><div class=\"fusion-layout-column fusion_builder_column fusion-builder-column-0 fusion_builder_column_1_1 1_1 fusion-one-full fusion-column-first fusion-column-last fusion-column-no-min-height fusion-no-large-visibility\" style=\"--awb-padding-top:20px;--awb-padding-right:20px;--awb-padding-bottom:20px;--awb-padding-left:20px;--awb-bg-color:rgba(51,51,51,0.78);--awb-bg-color-hover:rgba(51,51,51,0.78);--awb-bg-image:url(&#039;https:\/\/ursimohr.at\/wp-content\/uploads\/2019\/07\/UrsiMohr_Header_LayerSlider_Supervision-1200x600.jpg&#039;);--awb-bg-position:right bottom;--awb-bg-blend:overlay;--awb-bg-size:cover;--awb-margin-top:-60px;--awb-margin-bottom:0px;\"><div class=\"fusion-column-wrapper fusion-flex-column-wrapper-legacy fusion-column-has-bg-image\" data-bg-url=\"https:\/\/ursimohr.at\/wp-content\/uploads\/2019\/07\/UrsiMohr_Header_LayerSlider_Supervision-1200x600.jpg\"><div class=\"fusion-column-content-centered\"><div class=\"fusion-column-content\"><div class=\"fusion-sep-clear\"><\/div><div class=\"fusion-separator fusion-full-width-sep\" style=\"margin-left: auto;margin-right: auto;margin-top:70px;margin-bottom:10px;width:100%;\"><\/div><div class=\"fusion-sep-clear\"><\/div><div class=\"fusion-title title fusion-title-1 fusion-sep-none fusion-title-center fusion-title-text fusion-title-size-one\" style=\"--awb-font-size:20px;\"><h1 class=\"fusion-title-heading title-heading-center fusion-responsive-typography-calculated\" style=\"margin:0;font-size:1em;--fontSize:20;--minFontSize:20;line-height:1.4;\"><h1 style=\"text-align: center;\"><strong><span style=\"color: #ffffff;\">SUPERVISION<\/span><\/strong><\/h1><\/h1><\/div><div class=\"fusion-text fusion-text-1 fusion-no-medium-visibility fusion-no-large-visibility\"><p style=\"text-align: center;\"><span style=\"color: #ffffff;\"><strong>Zur nachhaltigen Effizienzsteigerung im Unternehmen<br \/>\n<\/strong><\/span><\/p>\n<\/div><div class=\"fusion-sep-clear\"><\/div><div class=\"fusion-separator fusion-full-width-sep\" style=\"margin-left: auto;margin-right: auto;margin-top:70px;margin-bottom:10px;width:100%;\"><\/div><div class=\"fusion-sep-clear\"><\/div><\/div><\/div><div class=\"fusion-clearfix\"><\/div><\/div><\/div><\/div><\/div><div class=\"fusion-fullwidth fullwidth-box fusion-builder-row-2 hundred-percent-fullwidth non-hundred-percent-height-scrolling fusion-equal-height-columns fusion-no-small-visibility\" style=\"--awb-border-radius-top-left:0px;--awb-border-radius-top-right:0px;--awb-border-radius-bottom-right:0px;--awb-border-radius-bottom-left:0px;--awb-padding-top:60px;--awb-padding-right:0%;--awb-padding-bottom:0px;--awb-padding-left:0%;--awb-margin-top:0px;--awb-margin-bottom:0px;--awb-background-color:rgba(255,255,255,0);--awb-flex-wrap:wrap;\" ><div class=\"fusion-builder-row fusion-row\"><div class=\"fusion-layout-column fusion_builder_column fusion-builder-column-1 fusion_builder_column_1_2 1_2 fusion-one-half fusion-column-first\" style=\"--awb-padding-top:60px;--awb-padding-right:120px;--awb-padding-bottom:60px;--awb-padding-left:60px;--awb-bg-color:#ffffff;--awb-bg-color-hover:#ffffff;--awb-bg-position:right top;--awb-bg-size:cover;width:50%;width:calc(50% - ( ( 0px ) * 0.5 ) );margin-right: 0px;\"><div class=\"fusion-column-wrapper fusion-flex-column-wrapper-legacy\"><div class=\"fusion-column-content-centered\"><div class=\"fusion-column-content\"><div class=\"fusion-image-element in-legacy-container\" style=\"--awb-caption-title-font-family:var(--h2_typography-font-family);--awb-caption-title-font-weight:var(--h2_typography-font-weight);--awb-caption-title-font-style:var(--h2_typography-font-style);--awb-caption-title-size:var(--h2_typography-font-size);--awb-caption-title-transform:var(--h2_typography-text-transform);--awb-caption-title-line-height:var(--h2_typography-line-height);--awb-caption-title-letter-spacing:var(--h2_typography-letter-spacing);\"><span class=\" fusion-imageframe imageframe-none imageframe-1 hover-type-none\"><img decoding=\"async\" width=\"556\" height=\"817\" title=\"wko best\u00e4tigung\" src=\"https:\/\/ursimohr.at\/wp-content\/uploads\/2019\/07\/wko-best\u00e4tigung.jpg\" alt class=\"img-responsive wp-image-732\" srcset=\"https:\/\/ursimohr.at\/wp-content\/uploads\/2019\/07\/wko-best\u00e4tigung-200x294.jpg 200w, https:\/\/ursimohr.at\/wp-content\/uploads\/2019\/07\/wko-best\u00e4tigung-400x588.jpg 400w, https:\/\/ursimohr.at\/wp-content\/uploads\/2019\/07\/wko-best\u00e4tigung.jpg 556w\" sizes=\"(max-width: 1200px) 100vw, 400px\" \/><\/span><\/div><\/div><\/div><div class=\"fusion-clearfix\"><\/div><\/div><\/div><div class=\"fusion-layout-column fusion_builder_column fusion-builder-column-2 fusion_builder_column_1_2 1_2 fusion-one-half fusion-column-last\" style=\"--awb-padding-top:40px;--awb-padding-right:40px;--awb-padding-bottom:40px;--awb-padding-left:40px;--awb-bg-color:#ffffff;--awb-bg-color-hover:#ffffff;--awb-bg-size:cover;width:50%;width:calc(50% - ( ( 0px ) * 0.5 ) );\"><div class=\"fusion-column-wrapper fusion-flex-column-wrapper-legacy\"><div class=\"fusion-column-content-centered\"><div class=\"fusion-column-content\"><div class=\"fusion-text fusion-text-2\"><p>Unter Supervision versteht man die professionel begleitete Reflexion von Erfahrungen, Fragestellungen und Konflikten der beruflichen Arbeit.<\/p>\n<p>Durch den Einsatz eines Supervisors wird bei offenen oder verdeckten Konflikten ein kreativer Dialog zwischen allen Beteiligten gef\u00f6rdert, im Einzelsetting, innerhalb eines Teams oder auch innerhalb einer Gruppe eines Unternehmens.<\/p>\n<p>Ziel ist es, Kommunikationsf\u00e4higkeit und Handlungssicherheit zu f\u00f6rdern und eine Kl\u00e4rung der Rollen und Aufgaben herbei zu f\u00fchren. Es wird das Finden einer gemeinsame L\u00f6sung eines Problems unterst\u00fctzt.<\/p>\n<p>Supervision ist eine regelm\u00e4\u00dfige Beratungsform, die wesentlich zur Verst\u00e4rkung des Teamgeistes, der Professionalit\u00e4t und der effzienteren Nutzung von Ressourcen dienlich ist.<\/p>\n<p>Dadurch k\u00f6nnen Konflikte und Krisen emotionsreduziert bearbeitet und aufgel\u00f6st werden. So wird zur psychischen und in Folge psychosomatischen Entlastung aller Beteiligten beigetragen und das professionelle Herangehen an Konflikte im Team und im Unternehmen gest\u00e4rkt.<\/p>\n<\/div><\/div><\/div><div class=\"fusion-clearfix\"><\/div><\/div><\/div><\/div><\/div><div class=\"fusion-fullwidth fullwidth-box fusion-builder-row-3 hundred-percent-fullwidth non-hundred-percent-height-scrolling fusion-no-medium-visibility fusion-no-large-visibility\" style=\"--awb-border-radius-top-left:0px;--awb-border-radius-top-right:0px;--awb-border-radius-bottom-right:0px;--awb-border-radius-bottom-left:0px;--awb-padding-top:10px;--awb-padding-bottom:0px;--awb-background-color:#ffffff;--awb-flex-wrap:wrap;\" ><div class=\"fusion-builder-row fusion-row\"><div class=\"fusion-layout-column fusion_builder_column fusion-builder-column-3 fusion_builder_column_1_1 1_1 fusion-one-full fusion-column-first fusion-column-last\" style=\"--awb-padding-top:10px;--awb-padding-right:10px;--awb-padding-bottom:10px;--awb-padding-left:10px;--awb-bg-size:cover;--awb-margin-bottom:0px;\"><div class=\"fusion-column-wrapper fusion-flex-column-wrapper-legacy\"><div class=\"fusion-image-element in-legacy-container\" style=\"--awb-caption-title-font-family:var(--h2_typography-font-family);--awb-caption-title-font-weight:var(--h2_typography-font-weight);--awb-caption-title-font-style:var(--h2_typography-font-style);--awb-caption-title-size:var(--h2_typography-font-size);--awb-caption-title-transform:var(--h2_typography-text-transform);--awb-caption-title-line-height:var(--h2_typography-line-height);--awb-caption-title-letter-spacing:var(--h2_typography-letter-spacing);\"><span class=\" fusion-imageframe imageframe-none imageframe-2 hover-type-none\"><img decoding=\"async\" width=\"556\" height=\"817\" title=\"wko best\u00e4tigung\" src=\"https:\/\/ursimohr.at\/wp-content\/uploads\/2019\/07\/wko-best\u00e4tigung.jpg\" alt class=\"img-responsive wp-image-732\" srcset=\"https:\/\/ursimohr.at\/wp-content\/uploads\/2019\/07\/wko-best\u00e4tigung-200x294.jpg 200w, https:\/\/ursimohr.at\/wp-content\/uploads\/2019\/07\/wko-best\u00e4tigung-400x588.jpg 400w, https:\/\/ursimohr.at\/wp-content\/uploads\/2019\/07\/wko-best\u00e4tigung.jpg 556w\" sizes=\"(max-width: 1200px) 100vw, 556px\" \/><\/span><\/div><div class=\"fusion-text fusion-text-3\"><div class=\"fusion-text\">\n<p>Unter Supervision versteht man die professionel begleitete Reflexion von Erfahrungen, Fragestellungen und Konflikten der beruflichen Arbeit.<\/p>\n<p>Durch den Einsatz eines Supervisors wird bei offenen oder verdeckten Konflikten ein kreativer Dialog zwischen allen Beteiligten gef\u00f6rdert, im Einzelsetting, innerhalb eines Teams oder auch innerhalb einer Gruppe eines Unternehmens.<\/p>\n<p>Ziel ist es, Kommunikationsf\u00e4higkeit und Handlungssicherheit zu f\u00f6rdern und eine Kl\u00e4rung der Rollen und Aufgaben herbei zu f\u00fchren. Es wird das Finden einer gemeinsame L\u00f6sung eines Problems unterst\u00fctzt.<\/p>\n<p>Supervision ist eine regelm\u00e4\u00dfige Beratungsform, die wesentlich zur Verst\u00e4rkung des Teamgeistes, der Professionalit\u00e4t und der effzienteren Nutzung von Ressourcen dienlich ist.<\/p>\n<p>Dadurch k\u00f6nnen Konflikte und Krisen emotionsreduziert bearbeitet und aufgel\u00f6st werden. So wird zur psychischen und in Folge psychosomatischen Entlastung aller Beteiligten beigetragen und das professionelle Herangehen an Konflikte im Team und im Unternehmen gest\u00e4rkt.<\/p>\n<\/div>\n<\/div><div class=\"fusion-clearfix\"><\/div><\/div><\/div><\/div><\/div><\/p>\n","protected":false},"excerpt":{"rendered":"","protected":false},"author":1,"featured_media":0,"parent":0,"menu_order":0,"comment_status":"closed","ping_status":"closed","template":"100-width.php","meta":{"footnotes":""},"class_list":["post-717","page","type-page","status-publish","hentry"],"yoast_head":"<!-- This site is optimized with the Yoast SEO plugin v25.5 - https:\/\/yoast.com\/wordpress\/plugins\/seo\/ -->\n<title>SUPERVISION - Ursi Mohr - die M\u00e4nnerberaterin - WKO zertifiziert<\/title>\n<meta name=\"description\" content=\"Ursula Mohr - WKO zertifizierte Supervision - Kommunikationsf\u00e4higkeit und Handlungssicherheit f\u00f6rdern - Kl\u00e4rung der Rollen und Aufgaben herbeif\u00fchren.\" \/>\n<meta name=\"robots\" content=\"index, follow, max-snippet:-1, max-image-preview:large, max-video-preview:-1\" \/>\n<link rel=\"canonical\" href=\"https:\/\/ursimohr.at\/index.php\/supervision\/\" \/>\n<meta property=\"og:locale\" content=\"de_DE\" \/>\n<meta property=\"og:type\" content=\"article\" \/>\n<meta property=\"og:title\" content=\"SUPERVISION - Ursi Mohr - die M\u00e4nnerberaterin - WKO zertifiziert\" \/>\n<meta property=\"og:description\" content=\"Ursula Mohr - WKO zertifizierte Supervision - Kommunikationsf\u00e4higkeit und Handlungssicherheit f\u00f6rdern - Kl\u00e4rung der Rollen und Aufgaben herbeif\u00fchren.\" \/>\n<meta property=\"og:url\" content=\"https:\/\/ursimohr.at\/index.php\/supervision\/\" \/>\n<meta property=\"og:site_name\" content=\"Ursi Mohr\" \/>\n<meta property=\"article:modified_time\" content=\"2019-11-25T09:37:34+00:00\" \/>\n<meta name=\"twitter:card\" content=\"summary_large_image\" \/>\n<meta name=\"twitter:label1\" content=\"Gesch\u00e4tzte Lesezeit\" \/>\n\t<meta name=\"twitter:data1\" content=\"6 Minuten\" \/>\n<script type=\"application\/ld+json\" class=\"yoast-schema-graph\">{\"@context\":\"https:\/\/schema.org\",\"@graph\":[{\"@type\":\"WebPage\",\"@id\":\"https:\/\/ursimohr.at\/index.php\/supervision\/\",\"url\":\"https:\/\/ursimohr.at\/index.php\/supervision\/\",\"name\":\"SUPERVISION - Ursi Mohr - die M\u00e4nnerberaterin - WKO zertifiziert\",\"isPartOf\":{\"@id\":\"https:\/\/ursimohr.at\/#website\"},\"datePublished\":\"2019-07-09T10:41:05+00:00\",\"dateModified\":\"2019-11-25T09:37:34+00:00\",\"description\":\"Ursula Mohr - WKO zertifizierte Supervision - Kommunikationsf\u00e4higkeit und Handlungssicherheit f\u00f6rdern - Kl\u00e4rung der Rollen und Aufgaben herbeif\u00fchren.\",\"breadcrumb\":{\"@id\":\"https:\/\/ursimohr.at\/index.php\/supervision\/#breadcrumb\"},\"inLanguage\":\"de-AT\",\"potentialAction\":[{\"@type\":\"ReadAction\",\"target\":[\"https:\/\/ursimohr.at\/index.php\/supervision\/\"]}]},{\"@type\":\"BreadcrumbList\",\"@id\":\"https:\/\/ursimohr.at\/index.php\/supervision\/#breadcrumb\",\"itemListElement\":[{\"@type\":\"ListItem\",\"position\":1,\"name\":\"Home\",\"item\":\"https:\/\/ursimohr.at\/\"},{\"@type\":\"ListItem\",\"position\":2,\"name\":\"SUPERVISION\"}]},{\"@type\":\"WebSite\",\"@id\":\"https:\/\/ursimohr.at\/#website\",\"url\":\"https:\/\/ursimohr.at\/\",\"name\":\"Ursi Mohr\",\"description\":\"more feeling, more help\",\"potentialAction\":[{\"@type\":\"SearchAction\",\"target\":{\"@type\":\"EntryPoint\",\"urlTemplate\":\"https:\/\/ursimohr.at\/?s={search_term_string}\"},\"query-input\":{\"@type\":\"PropertyValueSpecification\",\"valueRequired\":true,\"valueName\":\"search_term_string\"}}],\"inLanguage\":\"de-AT\"}]}<\/script>\n<!-- \/ Yoast SEO plugin. -->","yoast_head_json":{"title":"SUPERVISION - Ursi Mohr - die M\u00e4nnerberaterin - WKO zertifiziert","description":"Ursula Mohr - WKO zertifizierte Supervision - Kommunikationsf\u00e4higkeit und Handlungssicherheit f\u00f6rdern - Kl\u00e4rung der Rollen und Aufgaben herbeif\u00fchren.","robots":{"index":"index","follow":"follow","max-snippet":"max-snippet:-1","max-image-preview":"max-image-preview:large","max-video-preview":"max-video-preview:-1"},"canonical":"https:\/\/ursimohr.at\/index.php\/supervision\/","og_locale":"de_DE","og_type":"article","og_title":"SUPERVISION - Ursi Mohr - die M\u00e4nnerberaterin - WKO zertifiziert","og_description":"Ursula Mohr - WKO zertifizierte Supervision - Kommunikationsf\u00e4higkeit und Handlungssicherheit f\u00f6rdern - Kl\u00e4rung der Rollen und Aufgaben herbeif\u00fchren.","og_url":"https:\/\/ursimohr.at\/index.php\/supervision\/","og_site_name":"Ursi Mohr","article_modified_time":"2019-11-25T09:37:34+00:00","twitter_card":"summary_large_image","twitter_misc":{"Gesch\u00e4tzte Lesezeit":"6 Minuten"},"schema":{"@context":"https:\/\/schema.org","@graph":[{"@type":"WebPage","@id":"https:\/\/ursimohr.at\/index.php\/supervision\/","url":"https:\/\/ursimohr.at\/index.php\/supervision\/","name":"SUPERVISION - Ursi Mohr - die M\u00e4nnerberaterin - WKO zertifiziert","isPartOf":{"@id":"https:\/\/ursimohr.at\/#website"},"datePublished":"2019-07-09T10:41:05+00:00","dateModified":"2019-11-25T09:37:34+00:00","description":"Ursula Mohr - WKO zertifizierte Supervision - Kommunikationsf\u00e4higkeit und Handlungssicherheit f\u00f6rdern - Kl\u00e4rung der Rollen und Aufgaben herbeif\u00fchren.","breadcrumb":{"@id":"https:\/\/ursimohr.at\/index.php\/supervision\/#breadcrumb"},"inLanguage":"de-AT","potentialAction":[{"@type":"ReadAction","target":["https:\/\/ursimohr.at\/index.php\/supervision\/"]}]},{"@type":"BreadcrumbList","@id":"https:\/\/ursimohr.at\/index.php\/supervision\/#breadcrumb","itemListElement":[{"@type":"ListItem","position":1,"name":"Home","item":"https:\/\/ursimohr.at\/"},{"@type":"ListItem","position":2,"name":"SUPERVISION"}]},{"@type":"WebSite","@id":"https:\/\/ursimohr.at\/#website","url":"https:\/\/ursimohr.at\/","name":"Ursi Mohr","description":"more feeling, more help","potentialAction":[{"@type":"SearchAction","target":{"@type":"EntryPoint","urlTemplate":"https:\/\/ursimohr.at\/?s={search_term_string}"},"query-input":{"@type":"PropertyValueSpecification","valueRequired":true,"valueName":"search_term_string"}}],"inLanguage":"de-AT"}]}},"_links":{"self":[{"href":"https:\/\/ursimohr.at\/index.php\/wp-json\/wp\/v2\/pages\/717","targetHints":{"allow":["GET"]}}],"collection":[{"href":"https:\/\/ursimohr.at\/index.php\/wp-json\/wp\/v2\/pages"}],"about":[{"href":"https:\/\/ursimohr.at\/index.php\/wp-json\/wp\/v2\/types\/page"}],"author":[{"embeddable":true,"href":"https:\/\/ursimohr.at\/index.php\/wp-json\/wp\/v2\/users\/1"}],"replies":[{"embeddable":true,"href":"https:\/\/ursimohr.at\/index.php\/wp-json\/wp\/v2\/comments?post=717"}],"version-history":[{"count":17,"href":"https:\/\/ursimohr.at\/index.php\/wp-json\/wp\/v2\/pages\/717\/revisions"}],"predecessor-version":[{"id":1366,"href":"https:\/\/ursimohr.at\/index.php\/wp-json\/wp\/v2\/pages\/717\/revisions\/1366"}],"wp:attachment":[{"href":"https:\/\/ursimohr.at\/index.php\/wp-json\/wp\/v2\/media?parent=717"}],"curies":[{"name":"wp","href":"https:\/\/api.w.org\/{rel}","templated":true}]}}